{"id":701,"date":"2023-04-10T12:44:12","date_gmt":"2023-04-10T12:44:12","guid":{"rendered":"https:\/\/codeandalucia.com\/?page_id=701"},"modified":"2023-04-10T12:44:50","modified_gmt":"2023-04-10T12:44:50","slug":"listado-de-entradas-en-nuestro-blog","status":"publish","type":"page","link":"https:\/\/codeandalucia.com\/index.php\/listado-de-entradas-en-nuestro-blog\/","title":{"rendered":"Blog"},"content":{"rendered":"\n<div class=\"wp-block-query is-layout-flow wp-block-query-is-layout-flow\"><ul class=\"wp-block-post-template is-layout-flow wp-block-post-template-is-layout-flow\"><li class=\"wp-block-post post-753 post type-post status-publish format-standard hentry category-uncategorized\">\n<h2 class=\"wp-block-post-title\"><a href=\"https:\/\/codeandalucia.com\/index.php\/2023\/08\/09\/comparacion-entre-kafka-y-hadoop-en-el-mundo-del-procesamiento-de-datos\/\" target=\"_self\" >Comparaci\u00f3n entre Kafka y Hadoop en el Mundo del Procesamiento de Datos<\/a><\/h2>\n\n\n\n<div class=\"wp-block-post-excerpt\"><p class=\"wp-block-post-excerpt__excerpt\">En el \u00e1mbito del procesamiento de datos, tanto Kafka como Hadoop desempe\u00f1an un papel fundamental, pero no son id\u00e9nticos. Estas tecnolog\u00edas son ampliamente utilizadas para manejar grandes vol\u00famenes de datos, aunque con objetivos distintos. Kafka: Transmisi\u00f3n R\u00e1pida y Escalable Kafka es una plataforma de transmisi\u00f3n distribuida dise\u00f1ada para manejar flujos masivos de datos en tiempo&hellip; <\/p><\/div>\n\n\n<hr class=\"wp-block-separator has-css-opacity\"\/>\n\n\n<div class=\"wp-block-post-date\"><time datetime=\"2023-08-09T15:37:31+00:00\">August 9, 2023<\/time><\/div>\n<\/li><li class=\"wp-block-post post-731 post type-post status-publish format-standard hentry category-big-data tag-big-data tag-estructura-de-datos tag-linkedin\">\n<h2 class=\"wp-block-post-title\"><a href=\"https:\/\/codeandalucia.com\/index.php\/2023\/07\/22\/openhouse-para-la-gestion-de-big-data-parte-i\/\" target=\"_self\" >OpenHouse para la gesti\u00f3n de Big Data.<\/a><\/h2>\n\n\n\n<div class=\"wp-block-post-excerpt\"><p class=\"wp-block-post-excerpt__excerpt\">LinkedIn ha desarrollado un sistema de datos de c\u00f3digo abierto para potenciar cargas de trabajo de an\u00e1lisis y machine learning. Utilizan datos para tomar decisiones y brindar a sus miembros mejores ideas sobre empleos y conexiones profesionales a nivel mundial. Las implementaciones de este data lakehouse de c\u00f3digo abierto se basan en motores de c\u00e1lculo&hellip; <\/p><\/div>\n\n\n<hr class=\"wp-block-separator has-css-opacity\"\/>\n\n\n<div class=\"wp-block-post-date\"><time datetime=\"2023-07-22T15:40:34+00:00\">July 22, 2023<\/time><\/div>\n<\/li><li class=\"wp-block-post post-727 post type-post status-publish format-standard hentry category-asir category-daw category-smr\">\n<h2 class=\"wp-block-post-title\"><a href=\"https:\/\/codeandalucia.com\/index.php\/2023\/04\/12\/arquitectura-de-redes-v\/\" target=\"_self\" >Arquitectura de redes &#8211; V<\/a><\/h2>\n\n\n\n<div class=\"wp-block-post-excerpt\"><p class=\"wp-block-post-excerpt__excerpt\">Modelo de referencia OSI &#8211; Parte III El modelo OSI (Open Systems Interconnection) es un marco de referencia para la arquitectura de redes de computadoras que se utiliza para entender y describir c\u00f3mo los diferentes componentes de una red se comunican entre s\u00ed. Este modelo se divide en varias capas, cada una con su funci\u00f3n&hellip; <\/p><\/div>\n\n\n<hr class=\"wp-block-separator has-css-opacity\"\/>\n\n\n<div class=\"wp-block-post-date\"><time datetime=\"2023-04-12T11:30:51+00:00\">April 12, 2023<\/time><\/div>\n<\/li><\/ul><\/div>\n","protected":false},"excerpt":{"rendered":"","protected":false},"author":2,"featured_media":0,"parent":0,"menu_order":0,"comment_status":"closed","ping_status":"closed","template":"elementor_theme","meta":{"site-sidebar-layout":"default","site-content-layout":"default","ast-global-header-display":"","ast-main-header-display":"","ast-hfb-above-header-display":"","ast-hfb-below-header-display":"","ast-hfb-mobile-header-display":"","site-post-title":"","ast-breadcrumbs-content":"","ast-featured-img":"","footer-sml-layout":"","theme-transparent-header-meta":"","adv-header-id-meta":"","stick-header-meta":"","header-above-stick-meta":"","header-main-stick-meta":"","header-below-stick-meta":"","footnotes":""},"class_list":["post-701","page","type-page","status-publish","hentry"],"_links":{"self":[{"href":"https:\/\/codeandalucia.com\/index.php\/wp-json\/wp\/v2\/pages\/701","targetHints":{"allow":["GET"]}}],"collection":[{"href":"https:\/\/codeandalucia.com\/index.php\/wp-json\/wp\/v2\/pages"}],"about":[{"href":"https:\/\/codeandalucia.com\/index.php\/wp-json\/wp\/v2\/types\/page"}],"author":[{"embeddable":true,"href":"https:\/\/codeandalucia.com\/index.php\/wp-json\/wp\/v2\/users\/2"}],"replies":[{"embeddable":true,"href":"https:\/\/codeandalucia.com\/index.php\/wp-json\/wp\/v2\/comments?post=701"}],"version-history":[{"count":2,"href":"https:\/\/codeandalucia.com\/index.php\/wp-json\/wp\/v2\/pages\/701\/revisions"}],"predecessor-version":[{"id":703,"href":"https:\/\/codeandalucia.com\/index.php\/wp-json\/wp\/v2\/pages\/701\/revisions\/703"}],"wp:attachment":[{"href":"https:\/\/codeandalucia.com\/index.php\/wp-json\/wp\/v2\/media?parent=701"}],"curies":[{"name":"wp","href":"https:\/\/api.w.org\/{rel}","templated":true}]}}